{"id":41147,"date":"2022-11-23T14:53:06","date_gmt":"2022-11-23T12:53:06","guid":{"rendered":"https:\/\/staging.vasterbottensost.com\/vasterbottensost\/"},"modified":"2025-02-13T12:41:30","modified_gmt":"2025-02-13T10:41:30","slug":"vasterbottensost","status":"publish","type":"page","link":"https:\/\/vasterbottensost.com\/fi\/","title":{"rendered":"V\u00e4sterbottensost"},"content":{"rendered":"\t\t<div data-elementor-type=\"wp-page\" data-elementor-id=\"41147\" class=\"elementor elementor-41147 elementor-7815\" data-elementor-post-type=\"page\">\n\t\t\t\t<div class=\"elementor-element elementor-element-f0119e7 section e-flex e-con-boxed e-con e-parent\" data-id=\"f0119e7\" data-element_type=\"container\">\n\t\t\t\t\t<div class=\"e-con-inner\">\n\t\t<div class=\"elementor-element elementor-element-e06295f e-con-full e-flex e-con e-child\" data-id=\"e06295f\" data-element_type=\"container\" data-settings=\"{&quot;background_background&quot;:&quot;classic&quot;}\">\n\t\t\t\t<div class=\"elementor-element elementor-element-93b3668 elementor-widget elementor-widget-heading\" data-id=\"93b3668\" data-element_type=\"widget\" data-widget_type=\"heading.default\">\n\t\t\t\t<div class=\"elementor-widget-container\">\n\t\t\t\t\t<h1 class=\"elementor-heading-title elementor-size-default\">V\u00e4sterbottensost\u00ae<\/h1>\t\t\t\t<\/div>\n\t\t\t\t<\/div>\n\t\t\t\t<div class=\"elementor-element elementor-element-74fb63d elementor-widget elementor-widget-text-editor\" data-id=\"74fb63d\" data-element_type=\"widget\" data-widget_type=\"text-editor.default\">\n\t\t\t\t<div class=\"elementor-widget-container\">\n\t\t\t\t\t\t\t\t\t<p>MAKUA RUOTSISTA VUODESTA 1872.<\/p>\t\t\t\t\t\t\t\t<\/div>\n\t\t\t\t<\/div>\n\t\t\t\t<div class=\"elementor-element elementor-element-f6d451a elementor-widget elementor-widget-button\" data-id=\"f6d451a\" data-element_type=\"widget\" data-widget_type=\"button.default\">\n\t\t\t\t<div class=\"elementor-widget-container\">\n\t\t\t\t\t\t\t\t\t<div class=\"elementor-button-wrapper\">\n\t\t\t\t\t<a class=\"elementor-button elementor-button-link elementor-size-sm\" href=\"https:\/\/vasterbottensost.com\/en\/\">\n\t\t\t\t\t\t<span class=\"elementor-button-content-wrapper\">\n\t\t\t\t\t\t\t\t\t<span class=\"elementor-button-text\">Katso reseptit<\/span>\n\t\t\t\t\t<\/span>\n\t\t\t\t\t<\/a>\n\t\t\t\t<\/div>\n\t\t\t\t\t\t\t\t<\/div>\n\t\t\t\t<\/div>\n\t\t\t\t<\/div>\n\t\t<div class=\"elementor-element elementor-element-3ae08d8 e-con-full e-flex e-con e-child\" data-id=\"3ae08d8\" data-element_type=\"container\">\n\t\t<div class=\"elementor-element elementor-element-f77b2d8 e-con-full e-flex e-con e-child\" data-id=\"f77b2d8\" data-element_type=\"container\" data-settings=\"{&quot;background_background&quot;:&quot;classic&quot;}\">\n\t\t\t\t<div class=\"elementor-element elementor-element-681a87e elementor-widget elementor-widget-heading\" data-id=\"681a87e\" data-element_type=\"widget\" data-widget_type=\"heading.default\">\n\t\t\t\t<div class=\"elementor-widget-container\">\n\t\t\t\t\t<h2 class=\"elementor-heading-title elementor-size-default\">PIIRAKKA V\u00c4STERBOTTENSOST-JUUSTOLLA<\/h2>\t\t\t\t<\/div>\n\t\t\t\t<\/div>\n\t\t\t\t<div class=\"elementor-element elementor-element-1f3f457 elementor-widget elementor-widget-text-editor\" data-id=\"1f3f457\" data-element_type=\"widget\" data-widget_type=\"text-editor.default\">\n\t\t\t\t<div class=\"elementor-widget-container\">\n\t\t\t\t\t\t\t\t\t<p><span data-olk-copy-source=\"MessageBody\">Inspiroidu piirakkaresepteist\u00e4mme.<\/span><\/p>\t\t\t\t\t\t\t\t<\/div>\n\t\t\t\t<\/div>\n\t\t\t\t<div class=\"elementor-element elementor-element-3f7de33 elementor-widget elementor-widget-button\" data-id=\"3f7de33\" data-element_type=\"widget\" data-widget_type=\"button.default\">\n\t\t\t\t<div class=\"elementor-widget-container\">\n\t\t\t\t\t\t\t\t\t<div class=\"elementor-button-wrapper\">\n\t\t\t\t\t<a class=\"elementor-button elementor-button-link elementor-size-sm\" href=\"https:\/\/vasterbottensost.com\/en\/?s=pie&#038;lang=en\">\n\t\t\t\t\t\t<span class=\"elementor-button-content-wrapper\">\n\t\t\t\t\t\t\t\t\t<span class=\"elementor-button-text\">Katso reseptit<\/span>\n\t\t\t\t\t<\/span>\n\t\t\t\t\t<\/a>\n\t\t\t\t<\/div>\n\t\t\t\t\t\t\t\t<\/div>\n\t\t\t\t<\/div>\n\t\t\t\t<\/div>\n\t\t<div class=\"elementor-element elementor-element-9251250 e-con-full e-flex e-con e-child\" data-id=\"9251250\" data-element_type=\"container\" data-settings=\"{&quot;background_background&quot;:&quot;classic&quot;}\">\n\t\t\t\t<div class=\"elementor-element elementor-element-9811f06 elementor-widget elementor-widget-heading\" data-id=\"9811f06\" data-element_type=\"widget\" data-widget_type=\"heading.default\">\n\t\t\t\t<div class=\"elementor-widget-container\">\n\t\t\t\t\t<h2 class=\"elementor-heading-title elementor-size-default\">Pizza V\u00c4STERBOTTENSOST-JUUSTOLLA<\/h2>\t\t\t\t<\/div>\n\t\t\t\t<\/div>\n\t\t\t\t<div class=\"elementor-element elementor-element-4d59448 elementor-widget elementor-widget-text-editor\" data-id=\"4d59448\" data-element_type=\"widget\" data-widget_type=\"text-editor.default\">\n\t\t\t\t<div class=\"elementor-widget-container\">\n\t\t\t\t\t\t\t\t\t<p><span data-olk-copy-source=\"MessageBody\">Inspiroidu pizzaresepteist\u00e4mme.<\/span><\/p>\t\t\t\t\t\t\t\t<\/div>\n\t\t\t\t<\/div>\n\t\t\t\t<div class=\"elementor-element elementor-element-0d79a3b elementor-widget elementor-widget-button\" data-id=\"0d79a3b\" data-element_type=\"widget\" data-widget_type=\"button.default\">\n\t\t\t\t<div class=\"elementor-widget-container\">\n\t\t\t\t\t\t\t\t\t<div class=\"elementor-button-wrapper\">\n\t\t\t\t\t<a class=\"elementor-button elementor-button-link elementor-size-sm\" href=\"https:\/\/vasterbottensost.com\/en\/?s=pizza&#038;lang=en\">\n\t\t\t\t\t\t<span class=\"elementor-button-content-wrapper\">\n\t\t\t\t\t\t\t\t\t<span class=\"elementor-button-text\">Katso reseptit<\/span>\n\t\t\t\t\t<\/span>\n\t\t\t\t\t<\/a>\n\t\t\t\t<\/div>\n\t\t\t\t\t\t\t\t<\/div>\n\t\t\t\t<\/div>\n\t\t\t\t<\/div>\n\t\t<div class=\"elementor-element elementor-element-0db698f e-con-full e-flex e-con e-child\" data-id=\"0db698f\" data-element_type=\"container\" data-settings=\"{&quot;background_background&quot;:&quot;classic&quot;}\">\n\t\t\t\t<div class=\"elementor-element elementor-element-8488186 elementor-widget elementor-widget-heading\" data-id=\"8488186\" data-element_type=\"widget\" data-widget_type=\"heading.default\">\n\t\t\t\t<div class=\"elementor-widget-container\">\n\t\t\t\t\t<h2 class=\"elementor-heading-title elementor-size-default\">Pasta V\u00c4STERBOTTENSOST-juustolla<\/h2>\t\t\t\t<\/div>\n\t\t\t\t<\/div>\n\t\t\t\t<div class=\"elementor-element elementor-element-0101f11 elementor-widget elementor-widget-text-editor\" data-id=\"0101f11\" data-element_type=\"widget\" data-widget_type=\"text-editor.default\">\n\t\t\t\t<div class=\"elementor-widget-container\">\n\t\t\t\t\t\t\t\t\t<p><span data-olk-copy-source=\"MessageBody\">Inspiroidu pastaresepteist\u00e4mme.<\/span><\/p>\t\t\t\t\t\t\t\t<\/div>\n\t\t\t\t<\/div>\n\t\t\t\t<div class=\"elementor-element elementor-element-888d821 elementor-widget elementor-widget-button\" data-id=\"888d821\" data-element_type=\"widget\" data-widget_type=\"button.default\">\n\t\t\t\t<div class=\"elementor-widget-container\">\n\t\t\t\t\t\t\t\t\t<div class=\"elementor-button-wrapper\">\n\t\t\t\t\t<a class=\"elementor-button elementor-button-link elementor-size-sm\" href=\"https:\/\/vasterbottensost.com\/en\/?s=pasta&#038;lang=en\">\n\t\t\t\t\t\t<span class=\"elementor-button-content-wrapper\">\n\t\t\t\t\t\t\t\t\t<span class=\"elementor-button-text\">Katso reseptit<\/span>\n\t\t\t\t\t<\/span>\n\t\t\t\t\t<\/a>\n\t\t\t\t<\/div>\n\t\t\t\t\t\t\t\t<\/div>\n\t\t\t\t<\/div>\n\t\t\t\t<\/div>\n\t\t\t\t<\/div>\n\t\t\t\t\t<\/div>\n\t\t\t\t<\/div>\n\t\t\t\t<\/div>\n\t\t","protected":false},"excerpt":{"rendered":"<p>V\u00e4sterbottensost\u00ae MAKUA RUOTSISTA VUODESTA 1872. Katso reseptit PIIRAKKA V\u00c4STERBOTTENSOST-JUUSTOLLA Inspiroidu piirakkaresepteist\u00e4mme. Katso reseptit Pizza V\u00c4STERBOTTENSOST-JUUSTOLLA Inspiroidu pizzaresepteist\u00e4mme. Katso reseptit Pasta V\u00c4STERBOTTENSOST-juustolla Inspiroidu pastaresepteist\u00e4mme. Katso reseptit<\/p>\n","protected":false},"author":1,"featured_media":20617,"parent":0,"menu_order":0,"comment_status":"closed","ping_status":"closed","template":"elementor_header_footer","meta":{"_acf_changed":false,"footnotes":""},"class_list":["post-41147","page","type-page","status-publish","has-post-thumbnail","hentry"],"acf":[],"_links":{"self":[{"href":"https:\/\/vasterbottensost.com\/fi\/wp-json\/wp\/v2\/pages\/41147","targetHints":{"allow":["GET"]}}],"collection":[{"href":"https:\/\/vasterbottensost.com\/fi\/wp-json\/wp\/v2\/pages"}],"about":[{"href":"https:\/\/vasterbottensost.com\/fi\/wp-json\/wp\/v2\/types\/page"}],"author":[{"embeddable":true,"href":"https:\/\/vasterbottensost.com\/fi\/wp-json\/wp\/v2\/users\/1"}],"replies":[{"embeddable":true,"href":"https:\/\/vasterbottensost.com\/fi\/wp-json\/wp\/v2\/comments?post=41147"}],"version-history":[{"count":93,"href":"https:\/\/vasterbottensost.com\/fi\/wp-json\/wp\/v2\/pages\/41147\/revisions"}],"predecessor-version":[{"id":53113,"href":"https:\/\/vasterbottensost.com\/fi\/wp-json\/wp\/v2\/pages\/41147\/revisions\/53113"}],"wp:featuredmedia":[{"embeddable":true,"href":"https:\/\/vasterbottensost.com\/fi\/wp-json\/wp\/v2\/media\/20617"}],"wp:attachment":[{"href":"https:\/\/vasterbottensost.com\/fi\/wp-json\/wp\/v2\/media?parent=41147"}],"curies":[{"name":"wp","href":"https:\/\/api.w.org\/{rel}","templated":true}]}}